{"id":958,"date":"2024-08-27T19:09:56","date_gmt":"2024-08-28T00:09:56","guid":{"rendered":"https:\/\/evaluarteth.com\/?page_id=958"},"modified":"2024-08-30T16:12:14","modified_gmt":"2024-08-30T21:12:14","slug":"psicologia-para-las-organizaciones","status":"publish","type":"page","link":"https:\/\/evaluarteth.com\/index.php\/psicologia-para-las-organizaciones\/","title":{"rendered":"Salud mental"},"content":{"rendered":"\t\t<div data-elementor-type=\"wp-page\" data-elementor-id=\"958\" class=\"elementor elementor-958\" data-elementor-settings=\"[]\">\n\t\t\t\t\t\t<div class=\"elementor-inner\">\n\t\t\t\t\t\t\t<div class=\"elementor-section-wrap\">\n\t\t\t\t\t\t\t<section class=\"elementor-section elementor-top-section elementor-element elementor-element-9a0abb7 elementor-section-content-middle elementor-section-height-min-height elementor-section-boxed elementor-section-height-default elementor-section-items-middle\" data-id=\"9a0abb7\" data-element_type=\"section\" data-settings=\"{&quot;background_background&quot;:&quot;classic&quot;}\">\n\t\t\t\t\t\t\t<div class=\"elementor-background-overlay\"><\/div>\n\t\t\t\t\t\t\t<div class=\"elementor-container elementor-column-gap-no\">\n\t\t\t\t\t\t\t<div class=\"elementor-row\">\n\t\t\t\t\t<div class=\"elementor-column elementor-col-100 elementor-top-column elementor-element elementor-element-479318f\" data-id=\"479318f\" data-element_type=\"column\">\n\t\t\t<div class=\"elementor-column-wrap elementor-element-populated\">\n\t\t\t\t\t\t\t<div class=\"elementor-widget-wrap\">\n\t\t\t\t\t\t<div class=\"elementor-element elementor-element-7c087b4 elementor-invisible elementor-widget elementor-widget-image\" data-id=\"7c087b4\" data-element_type=\"widget\" data-settings=\"{&quot;_animation&quot;:&quot;fadeInLeft&quot;}\" data-widget_type=\"image.default\">\n\t\t\t\t<div class=\"elementor-widget-container\">\n\t\t\t\t\t\t\t\t<div class=\"elementor-image\">\n\t\t\t\t\t\t\t\t\t\t\t\t<img width=\"1024\" height=\"250\" src=\"https:\/\/evaluarteth.com\/wp-content\/uploads\/2024\/08\/psicologia-1024x250.png\" class=\"attachment-large size-large\" alt=\"\" loading=\"lazy\" srcset=\"https:\/\/evaluarteth.com\/wp-content\/uploads\/2024\/08\/psicologia-1024x250.png 1024w, https:\/\/evaluarteth.com\/wp-content\/uploads\/2024\/08\/psicologia-300x73.png 300w, https:\/\/evaluarteth.com\/wp-content\/uploads\/2024\/08\/psicologia-768x188.png 768w, https:\/\/evaluarteth.com\/wp-content\/uploads\/2024\/08\/psicologia-1536x375.png 1536w, https:\/\/evaluarteth.com\/wp-content\/uploads\/2024\/08\/psicologia.png 1920w\" sizes=\"(max-width: 1024px) 100vw, 1024px\" \/>\t\t\t\t\t\t\t\t\t\t\t\t\t\t<\/div>\n\t\t\t\t\t\t<\/div>\n\t\t\t\t<\/div>\n\t\t\t\t\t\t<\/div>\n\t\t\t\t\t<\/div>\n\t\t<\/div>\n\t\t\t\t\t\t\t\t<\/div>\n\t\t\t\t\t<\/div>\n\t\t<\/section>\n\t\t\t\t<section class=\"elementor-section elementor-top-section elementor-element elementor-element-b4c068e elementor-section-boxed elementor-section-height-default elementor-section-height-default\" data-id=\"b4c068e\" data-element_type=\"section\">\n\t\t\t\t\t\t<div class=\"elementor-container elementor-column-gap-default\">\n\t\t\t\t\t\t\t<div class=\"elementor-row\">\n\t\t\t\t\t<div class=\"elementor-column elementor-col-33 elementor-top-column elementor-element elementor-element-fe94f94\" data-id=\"fe94f94\" data-element_type=\"column\">\n\t\t\t<div class=\"elementor-column-wrap elementor-element-populated\">\n\t\t\t\t\t\t\t<div class=\"elementor-widget-wrap\">\n\t\t\t\t\t\t<div class=\"elementor-element elementor-element-d7084b3 elementor-invisible elementor-widget elementor-widget-image\" data-id=\"d7084b3\" data-element_type=\"widget\" data-settings=\"{&quot;_animation&quot;:&quot;fadeInRight&quot;}\" data-widget_type=\"image.default\">\n\t\t\t\t<div class=\"elementor-widget-container\">\n\t\t\t\t\t\t\t\t<div class=\"elementor-image\">\n\t\t\t\t\t\t\t\t\t\t\t\t<img width=\"457\" height=\"275\" src=\"https:\/\/evaluarteth.com\/wp-content\/uploads\/2021\/01\/Imagen3.png\" class=\"attachment-large size-large\" alt=\"\" loading=\"lazy\" srcset=\"https:\/\/evaluarteth.com\/wp-content\/uploads\/2021\/01\/Imagen3.png 457w, https:\/\/evaluarteth.com\/wp-content\/uploads\/2021\/01\/Imagen3-300x181.png 300w\" sizes=\"(max-width: 457px) 100vw, 457px\" \/>\t\t\t\t\t\t\t\t\t\t\t\t\t\t<\/div>\n\t\t\t\t\t\t<\/div>\n\t\t\t\t<\/div>\n\t\t\t\t<div class=\"elementor-element elementor-element-e59a939 elementor-invisible elementor-widget elementor-widget-image\" data-id=\"e59a939\" data-element_type=\"widget\" data-settings=\"{&quot;_animation&quot;:&quot;fadeInUp&quot;}\" data-widget_type=\"image.default\">\n\t\t\t\t<div class=\"elementor-widget-container\">\n\t\t\t\t\t\t\t\t<div class=\"elementor-image\">\n\t\t\t\t\t\t\t\t\t\t\t\t<img width=\"1024\" height=\"682\" src=\"https:\/\/evaluarteth.com\/wp-content\/uploads\/2024\/08\/psi-1-1024x682.jpg\" class=\"attachment-large size-large\" alt=\"\" loading=\"lazy\" srcset=\"https:\/\/evaluarteth.com\/wp-content\/uploads\/2024\/08\/psi-1-1024x682.jpg 1024w, https:\/\/evaluarteth.com\/wp-content\/uploads\/2024\/08\/psi-1-300x200.jpg 300w, https:\/\/evaluarteth.com\/wp-content\/uploads\/2024\/08\/psi-1-768x512.jpg 768w, https:\/\/evaluarteth.com\/wp-content\/uploads\/2024\/08\/psi-1.jpg 1400w\" sizes=\"(max-width: 1024px) 100vw, 1024px\" \/>\t\t\t\t\t\t\t\t\t\t\t\t\t\t<\/div>\n\t\t\t\t\t\t<\/div>\n\t\t\t\t<\/div>\n\t\t\t\t\t\t<\/div>\n\t\t\t\t\t<\/div>\n\t\t<\/div>\n\t\t\t\t<div class=\"elementor-column elementor-col-66 elementor-top-column elementor-element elementor-element-fd52ed9\" data-id=\"fd52ed9\" data-element_type=\"column\">\n\t\t\t<div class=\"elementor-column-wrap elementor-element-populated\">\n\t\t\t\t\t\t\t<div class=\"elementor-widget-wrap\">\n\t\t\t\t\t\t<div class=\"elementor-element elementor-element-d8d7218 elementor-invisible elementor-widget elementor-widget-heading\" data-id=\"d8d7218\" data-element_type=\"widget\" data-settings=\"{&quot;_animation&quot;:&quot;fadeIn&quot;}\" data-widget_type=\"heading.default\">\n\t\t\t\t<div class=\"elementor-widget-container\">\n\t\t\t<h3 class=\"elementor-heading-title elementor-size-default\">ATENCI\u00d3N PSICOL\u00d3GICA:<\/h3>\t\t<\/div>\n\t\t\t\t<\/div>\n\t\t\t\t<div class=\"elementor-element elementor-element-ec4a3f9 elementor-invisible elementor-widget elementor-widget-text-editor\" data-id=\"ec4a3f9\" data-element_type=\"widget\" data-settings=\"{&quot;_animation&quot;:&quot;fadeInRight&quot;}\" data-widget_type=\"text-editor.default\">\n\t\t\t\t<div class=\"elementor-widget-container\">\n\t\t\t\t\t\t\t\t<div class=\"elementor-text-editor elementor-clearfix\">\n\t\t\t\t<p>La atenci\u00f3n psicol\u00f3gica es un proceso que involucra la interacci\u00f3n entre un profesional de la psicolog\u00eda y una persona que busca ayuda para comprender mejor sus pensamientos, emociones y\u00a0<span style=\"font-size: 15px; font-family: var( --e-global-typography-text-font-family ), Sans-serif;\">comportamientos, y as\u00ed mejorar su bienestar general.<\/span><\/p><p><b>\u00bfCu\u00e1ndo buscar atenci\u00f3n psicol\u00f3gica?<\/b><\/p><p>La atenci\u00f3n psicol\u00f3gica puede ser beneficiosa en una amplia variedad de situaciones, como:<\/p><ol><li><b>Problemas emocionales:<\/b> Ansiedad, depresi\u00f3n, estr\u00e9s, ira, duelo.<\/li><li><b>Dificultades relacionales:<\/b> Problemas de pareja, familiares o sociales.<\/li><li><b>Traumas:<\/b> Experiencias traum\u00e1ticas que afectan la vida diaria.<\/li><li><b>Problemas de comportamiento: <\/b>Adicciones, trastornos de la alimentaci\u00f3n, dificultades para<br \/>dormir.<\/li><li><b>Crisis personales:<\/b> Cambios importantes en la vida, como p\u00e9rdidas, divorcios, enfermedades.<\/li><li><b>Desarrollo personal: <\/b>Deseo de crecer y alcanzar un mayor bienestar.<\/li><\/ol>\t\t\t\t\t<\/div>\n\t\t\t\t\t\t<\/div>\n\t\t\t\t<\/div>\n\t\t\t\t\t\t<\/div>\n\t\t\t\t\t<\/div>\n\t\t<\/div>\n\t\t\t\t\t\t\t\t<\/div>\n\t\t\t\t\t<\/div>\n\t\t<\/section>\n\t\t\t\t<section class=\"elementor-section elementor-top-section elementor-element elementor-element-a52ee24 elementor-section-boxed elementor-section-height-default elementor-section-height-default\" data-id=\"a52ee24\" data-element_type=\"section\">\n\t\t\t\t\t\t<div class=\"elementor-container elementor-column-gap-default\">\n\t\t\t\t\t\t\t<div class=\"elementor-row\">\n\t\t\t\t\t<div class=\"elementor-column elementor-col-66 elementor-top-column elementor-element elementor-element-e612e85\" data-id=\"e612e85\" data-element_type=\"column\">\n\t\t\t<div class=\"elementor-column-wrap elementor-element-populated\">\n\t\t\t\t\t\t\t<div class=\"elementor-widget-wrap\">\n\t\t\t\t\t\t<div class=\"elementor-element elementor-element-db26293 elementor-invisible elementor-widget elementor-widget-heading\" data-id=\"db26293\" data-element_type=\"widget\" data-settings=\"{&quot;_animation&quot;:&quot;fadeIn&quot;}\" data-widget_type=\"heading.default\">\n\t\t\t\t<div class=\"elementor-widget-container\">\n\t\t\t<h3 class=\"elementor-heading-title elementor-size-default\">\u00bfQU\u00c9 SUCEDE EN UNA SESI\u00d3N DE TERAPIA?<\/h3>\t\t<\/div>\n\t\t\t\t<\/div>\n\t\t\t\t<div class=\"elementor-element elementor-element-5e5faec elementor-invisible elementor-widget elementor-widget-text-editor\" data-id=\"5e5faec\" data-element_type=\"widget\" data-settings=\"{&quot;_animation&quot;:&quot;fadeInRight&quot;}\" data-widget_type=\"text-editor.default\">\n\t\t\t\t<div class=\"elementor-widget-container\">\n\t\t\t\t\t\t\t\t<div class=\"elementor-text-editor elementor-clearfix\">\n\t\t\t\t<p><b>El contenido de cada sesi\u00f3n var\u00eda dependiendo del enfoque terap\u00e9utico y las necesidades<br \/>individuales de cada persona. Sin embargo, en general, las sesiones suelen incluir:<\/b><\/p><ol><li><b>Escucha activa:<\/b> El terapeuta escucha atentamente lo que el paciente tiene que decir.<\/li><li><b>Empat\u00eda:<\/b> El terapeuta se pone en el lugar del paciente para comprender sus sentimientos.<\/li><li><b>Preguntas abiertas<\/b>: El terapeuta hace preguntas que invitan a la reflexi\u00f3n y a la exploraci\u00f3n de los pensamientos y emociones.<\/li><li><b>T\u00e9cnicas terap\u00e9uticas:<\/b> Se utilizan diversas t\u00e9cnicas, como la terapia cognitivo-conductual, la<br \/>psicodin\u00e1mica, la humanista, entre otras.<\/li><li><b>Establecimiento de metas:<\/b> Se trabajan en conjunto para definir los objetivos\u00a0de\u00a0la\u00a0terapia.<\/li><\/ol>\t\t\t\t\t<\/div>\n\t\t\t\t\t\t<\/div>\n\t\t\t\t<\/div>\n\t\t\t\t\t\t<\/div>\n\t\t\t\t\t<\/div>\n\t\t<\/div>\n\t\t\t\t<div class=\"elementor-column elementor-col-33 elementor-top-column elementor-element elementor-element-b02a146\" data-id=\"b02a146\" data-element_type=\"column\">\n\t\t\t<div class=\"elementor-column-wrap elementor-element-populated\">\n\t\t\t\t\t\t\t<div class=\"elementor-widget-wrap\">\n\t\t\t\t\t\t<div class=\"elementor-element elementor-element-392141a elementor-invisible elementor-widget elementor-widget-image\" data-id=\"392141a\" data-element_type=\"widget\" data-settings=\"{&quot;_animation&quot;:&quot;fadeInRight&quot;}\" data-widget_type=\"image.default\">\n\t\t\t\t<div class=\"elementor-widget-container\">\n\t\t\t\t\t\t\t\t<div class=\"elementor-image\">\n\t\t\t\t\t\t\t\t\t\t\t\t<img width=\"457\" height=\"275\" src=\"https:\/\/evaluarteth.com\/wp-content\/uploads\/2021\/01\/Imagen3.png\" class=\"attachment-large size-large\" alt=\"\" loading=\"lazy\" srcset=\"https:\/\/evaluarteth.com\/wp-content\/uploads\/2021\/01\/Imagen3.png 457w, https:\/\/evaluarteth.com\/wp-content\/uploads\/2021\/01\/Imagen3-300x181.png 300w\" sizes=\"(max-width: 457px) 100vw, 457px\" \/>\t\t\t\t\t\t\t\t\t\t\t\t\t\t<\/div>\n\t\t\t\t\t\t<\/div>\n\t\t\t\t<\/div>\n\t\t\t\t<div class=\"elementor-element elementor-element-5c4d37a elementor-invisible elementor-widget elementor-widget-image\" data-id=\"5c4d37a\" data-element_type=\"widget\" data-settings=\"{&quot;_animation&quot;:&quot;fadeInUp&quot;}\" data-widget_type=\"image.default\">\n\t\t\t\t<div class=\"elementor-widget-container\">\n\t\t\t\t\t\t\t\t<div class=\"elementor-image\">\n\t\t\t\t\t\t\t\t\t\t\t\t<img width=\"1024\" height=\"682\" src=\"https:\/\/evaluarteth.com\/wp-content\/uploads\/2024\/08\/psi-2-1024x682.jpg\" class=\"attachment-large size-large\" alt=\"\" loading=\"lazy\" srcset=\"https:\/\/evaluarteth.com\/wp-content\/uploads\/2024\/08\/psi-2-1024x682.jpg 1024w, https:\/\/evaluarteth.com\/wp-content\/uploads\/2024\/08\/psi-2-300x200.jpg 300w, https:\/\/evaluarteth.com\/wp-content\/uploads\/2024\/08\/psi-2-768x512.jpg 768w, https:\/\/evaluarteth.com\/wp-content\/uploads\/2024\/08\/psi-2.jpg 1400w\" sizes=\"(max-width: 1024px) 100vw, 1024px\" \/>\t\t\t\t\t\t\t\t\t\t\t\t\t\t<\/div>\n\t\t\t\t\t\t<\/div>\n\t\t\t\t<\/div>\n\t\t\t\t\t\t<\/div>\n\t\t\t\t\t<\/div>\n\t\t<\/div>\n\t\t\t\t\t\t\t\t<\/div>\n\t\t\t\t\t<\/div>\n\t\t<\/section>\n\t\t\t\t<section class=\"elementor-section elementor-top-section elementor-element elementor-element-8be5108 elementor-section-boxed elementor-section-height-default elementor-section-height-default\" data-id=\"8be5108\" data-element_type=\"section\">\n\t\t\t\t\t\t<div class=\"elementor-container elementor-column-gap-default\">\n\t\t\t\t\t\t\t<div class=\"elementor-row\">\n\t\t\t\t\t<div class=\"elementor-column elementor-col-33 elementor-top-column elementor-element elementor-element-f90659c\" data-id=\"f90659c\" data-element_type=\"column\">\n\t\t\t<div class=\"elementor-column-wrap elementor-element-populated\">\n\t\t\t\t\t\t\t<div class=\"elementor-widget-wrap\">\n\t\t\t\t\t\t<div class=\"elementor-element elementor-element-984d3fd elementor-invisible elementor-widget elementor-widget-image\" data-id=\"984d3fd\" data-element_type=\"widget\" data-settings=\"{&quot;_animation&quot;:&quot;fadeInRight&quot;}\" data-widget_type=\"image.default\">\n\t\t\t\t<div class=\"elementor-widget-container\">\n\t\t\t\t\t\t\t\t<div class=\"elementor-image\">\n\t\t\t\t\t\t\t\t\t\t\t\t<img width=\"457\" height=\"275\" src=\"https:\/\/evaluarteth.com\/wp-content\/uploads\/2021\/01\/Imagen3.png\" class=\"attachment-large size-large\" alt=\"\" loading=\"lazy\" srcset=\"https:\/\/evaluarteth.com\/wp-content\/uploads\/2021\/01\/Imagen3.png 457w, https:\/\/evaluarteth.com\/wp-content\/uploads\/2021\/01\/Imagen3-300x181.png 300w\" sizes=\"(max-width: 457px) 100vw, 457px\" \/>\t\t\t\t\t\t\t\t\t\t\t\t\t\t<\/div>\n\t\t\t\t\t\t<\/div>\n\t\t\t\t<\/div>\n\t\t\t\t<div class=\"elementor-element elementor-element-e1c87f0 elementor-invisible elementor-widget elementor-widget-image\" data-id=\"e1c87f0\" data-element_type=\"widget\" data-settings=\"{&quot;_animation&quot;:&quot;fadeInUp&quot;}\" data-widget_type=\"image.default\">\n\t\t\t\t<div class=\"elementor-widget-container\">\n\t\t\t\t\t\t\t\t<div class=\"elementor-image\">\n\t\t\t\t\t\t\t\t\t\t\t\t<img width=\"1024\" height=\"682\" src=\"https:\/\/evaluarteth.com\/wp-content\/uploads\/2024\/08\/psi-3-1024x682.jpg\" class=\"attachment-large size-large\" alt=\"\" loading=\"lazy\" srcset=\"https:\/\/evaluarteth.com\/wp-content\/uploads\/2024\/08\/psi-3-1024x682.jpg 1024w, https:\/\/evaluarteth.com\/wp-content\/uploads\/2024\/08\/psi-3-300x200.jpg 300w, https:\/\/evaluarteth.com\/wp-content\/uploads\/2024\/08\/psi-3-768x512.jpg 768w, https:\/\/evaluarteth.com\/wp-content\/uploads\/2024\/08\/psi-3.jpg 1400w\" sizes=\"(max-width: 1024px) 100vw, 1024px\" \/>\t\t\t\t\t\t\t\t\t\t\t\t\t\t<\/div>\n\t\t\t\t\t\t<\/div>\n\t\t\t\t<\/div>\n\t\t\t\t\t\t<\/div>\n\t\t\t\t\t<\/div>\n\t\t<\/div>\n\t\t\t\t<div class=\"elementor-column elementor-col-66 elementor-top-column elementor-element elementor-element-6a719e2\" data-id=\"6a719e2\" data-element_type=\"column\">\n\t\t\t<div class=\"elementor-column-wrap elementor-element-populated\">\n\t\t\t\t\t\t\t<div class=\"elementor-widget-wrap\">\n\t\t\t\t\t\t<div class=\"elementor-element elementor-element-c776a49 elementor-invisible elementor-widget elementor-widget-heading\" data-id=\"c776a49\" data-element_type=\"widget\" data-settings=\"{&quot;_animation&quot;:&quot;fadeIn&quot;}\" data-widget_type=\"heading.default\">\n\t\t\t\t<div class=\"elementor-widget-container\">\n\t\t\t<h3 class=\"elementor-heading-title elementor-size-default\">\u00bfCU\u00c1LES SON LOS BENEFICIOS DE LA ATENCI\u00d3N PSICOL\u00d3GICA?<\/h3>\t\t<\/div>\n\t\t\t\t<\/div>\n\t\t\t\t<div class=\"elementor-element elementor-element-593d99e elementor-invisible elementor-widget elementor-widget-text-editor\" data-id=\"593d99e\" data-element_type=\"widget\" data-settings=\"{&quot;_animation&quot;:&quot;fadeInRight&quot;}\" data-widget_type=\"text-editor.default\">\n\t\t\t\t<div class=\"elementor-widget-container\">\n\t\t\t\t\t\t\t\t<div class=\"elementor-text-editor elementor-clearfix\">\n\t\t\t\t<ol><li><b>Mayor comprensi\u00f3n de uno mismo:<\/b> Aprender a reconocer y gestionar tus emociones.<\/li><li><b>Mejora de las relaciones interpersonales:<\/b> Desarrollar habilidades sociales y mejorar la<br \/>comunicaci\u00f3n.<\/li><li><b>Reducci\u00f3n de s\u00edntomas:<\/b> Aliviar s\u00edntomas de ansiedad, depresi\u00f3n y otros trastornos mentales.<\/li><li><b>Aumento de la autoestima:<\/b> Reconocer tus fortalezas y desarrollar una imagen m\u00e1s positiva de ti<br \/>mismo.<\/li><li><b>Desarrollo de habilidades de afrontamiento:<\/b> Aprender a manejar el estr\u00e9s y las dificultades de la vida.<\/li><li><b>Mayor bienestar:<\/b> Sentirte m\u00e1s feliz, satisfecho y realizado.<\/li><\/ol>\t\t\t\t\t<\/div>\n\t\t\t\t\t\t<\/div>\n\t\t\t\t<\/div>\n\t\t\t\t\t\t<\/div>\n\t\t\t\t\t<\/div>\n\t\t<\/div>\n\t\t\t\t\t\t\t\t<\/div>\n\t\t\t\t\t<\/div>\n\t\t<\/section>\n\t\t\t\t<section class=\"elementor-section elementor-top-section elementor-element elementor-element-0bd726e elementor-section-boxed elementor-section-height-default elementor-section-height-default\" data-id=\"0bd726e\" data-element_type=\"section\" data-settings=\"{&quot;background_background&quot;:&quot;classic&quot;}\">\n\t\t\t\t\t\t<div class=\"elementor-container elementor-column-gap-default\">\n\t\t\t\t\t\t\t<div class=\"elementor-row\">\n\t\t\t\t\t<div class=\"elementor-column elementor-col-100 elementor-top-column elementor-element elementor-element-3fefedc\" data-id=\"3fefedc\" data-element_type=\"column\">\n\t\t\t<div class=\"elementor-column-wrap elementor-element-populated\">\n\t\t\t\t\t\t\t<div class=\"elementor-widget-wrap\">\n\t\t\t\t\t\t<div class=\"elementor-element elementor-element-49c308f elementor-widget elementor-widget-spacer\" data-id=\"49c308f\" data-element_type=\"widget\" data-widget_type=\"spacer.default\">\n\t\t\t\t<div class=\"elementor-widget-container\">\n\t\t\t\t\t<div class=\"elementor-spacer\">\n\t\t\t<div class=\"elementor-spacer-inner\"><\/div>\n\t\t<\/div>\n\t\t\t\t<\/div>\n\t\t\t\t<\/div>\n\t\t\t\t<div class=\"elementor-element elementor-element-1399e8c elementor-invisible elementor-widget elementor-widget-heading\" data-id=\"1399e8c\" data-element_type=\"widget\" data-settings=\"{&quot;_animation&quot;:&quot;fadeInDown&quot;}\" data-widget_type=\"heading.default\">\n\t\t\t\t<div class=\"elementor-widget-container\">\n\t\t\t<h4 class=\"elementor-heading-title elementor-size-default\">Recuerda: Buscar ayuda psicol\u00f3gica es una muestra de fortaleza y no es algo de lo que\navergonzarse. Un buen terapeuta te brindar\u00e1 un espacio seguro y confidencial para trabajar en\ntus objetivos y mejorar tu calidad de vida.<\/h4>\t\t<\/div>\n\t\t\t\t<\/div>\n\t\t\t\t<div class=\"elementor-element elementor-element-e09a997 elementor-widget elementor-widget-spacer\" data-id=\"e09a997\" data-element_type=\"widget\" data-widget_type=\"spacer.default\">\n\t\t\t\t<div class=\"elementor-widget-container\">\n\t\t\t\t\t<div class=\"elementor-spacer\">\n\t\t\t<div class=\"elementor-spacer-inner\"><\/div>\n\t\t<\/div>\n\t\t\t\t<\/div>\n\t\t\t\t<\/div>\n\t\t\t\t\t\t<\/div>\n\t\t\t\t\t<\/div>\n\t\t<\/div>\n\t\t\t\t\t\t\t\t<\/div>\n\t\t\t\t\t<\/div>\n\t\t<\/section>\n\t\t\t\t\t\t<\/div>\n\t\t\t\t\t\t<\/div>\n\t\t\t\t\t<\/div>\n\t\t","protected":false},"excerpt":{"rendered":"<p>ATENCI\u00d3N PSICOL\u00d3GICA: La atenci\u00f3n psicol\u00f3gica es un proceso que involucra la interacci\u00f3n entre un profesional de la psicolog\u00eda y una persona que busca ayuda para comprender mejor sus pensamientos, emociones y&nbsp;comportamientos, y as\u00ed mejorar su bienestar general. \u00bfCu\u00e1ndo buscar atenci\u00f3n psicol\u00f3gica? La atenci\u00f3n psicol\u00f3gica puede ser beneficiosa en una amplia variedad de situaciones, como: Problemas &hellip;<\/p>\n<p class=\"read-more\"> <a class=\"\" href=\"https:\/\/evaluarteth.com\/index.php\/psicologia-para-las-organizaciones\/\"> <span class=\"screen-reader-text\">Salud mental<\/span> Leer m\u00e1s &raquo;<\/a><\/p>\n","protected":false},"author":3,"featured_media":0,"parent":0,"menu_order":0,"comment_status":"closed","ping_status":"closed","template":"","meta":{"site-sidebar-layout":"no-sidebar","site-content-layout":"page-builder","ast-main-header-display":"","ast-hfb-above-header-display":"","ast-hfb-below-header-display":"","ast-hfb-mobile-header-display":"","site-post-title":"disabled","ast-breadcrumbs-content":"","ast-featured-img":"disabled","footer-sml-layout":"","theme-transparent-header-meta":"","adv-header-id-meta":"","stick-header-meta":"","header-above-stick-meta":"","header-main-stick-meta":"","header-below-stick-meta":""},"_links":{"self":[{"href":"https:\/\/evaluarteth.com\/index.php\/wp-json\/wp\/v2\/pages\/958"}],"collection":[{"href":"https:\/\/evaluarteth.com\/index.php\/wp-json\/wp\/v2\/pages"}],"about":[{"href":"https:\/\/evaluarteth.com\/index.php\/wp-json\/wp\/v2\/types\/page"}],"author":[{"embeddable":true,"href":"https:\/\/evaluarteth.com\/index.php\/wp-json\/wp\/v2\/users\/3"}],"replies":[{"embeddable":true,"href":"https:\/\/evaluarteth.com\/index.php\/wp-json\/wp\/v2\/comments?post=958"}],"version-history":[{"count":34,"href":"https:\/\/evaluarteth.com\/index.php\/wp-json\/wp\/v2\/pages\/958\/revisions"}],"predecessor-version":[{"id":1098,"href":"https:\/\/evaluarteth.com\/index.php\/wp-json\/wp\/v2\/pages\/958\/revisions\/1098"}],"wp:attachment":[{"href":"https:\/\/evaluarteth.com\/index.php\/wp-json\/wp\/v2\/media?parent=958"}],"curies":[{"name":"wp","href":"https:\/\/api.w.org\/{rel}","templated":true}]}}