{"id":563,"date":"2024-06-22T14:14:26","date_gmt":"2024-06-22T19:14:26","guid":{"rendered":"https:\/\/evaluarteth.com\/?page_id=563"},"modified":"2024-08-28T08:23:56","modified_gmt":"2024-08-28T13:23:56","slug":"candidatos","status":"publish","type":"page","link":"https:\/\/evaluarteth.com\/index.php\/candidatos\/","title":{"rendered":"Servicios Personas"},"content":{"rendered":"\t\t<div data-elementor-type=\"wp-page\" data-elementor-id=\"563\" class=\"elementor elementor-563\" data-elementor-settings=\"[]\">\n\t\t\t\t\t\t<div class=\"elementor-inner\">\n\t\t\t\t\t\t\t<div class=\"elementor-section-wrap\">\n\t\t\t\t\t\t\t<section class=\"elementor-section elementor-top-section elementor-element elementor-element-b05fd97 elementor-section-content-middle elementor-section-height-min-height elementor-section-boxed elementor-section-height-default elementor-section-items-middle\" data-id=\"b05fd97\" data-element_type=\"section\" data-settings=\"{&quot;background_background&quot;:&quot;classic&quot;}\">\n\t\t\t\t\t\t\t<div class=\"elementor-background-overlay\"><\/div>\n\t\t\t\t\t\t\t<div class=\"elementor-container elementor-column-gap-no\">\n\t\t\t\t\t\t\t<div class=\"elementor-row\">\n\t\t\t\t\t<div class=\"elementor-column elementor-col-100 elementor-top-column elementor-element elementor-element-429095d\" data-id=\"429095d\" data-element_type=\"column\">\n\t\t\t<div class=\"elementor-column-wrap elementor-element-populated\">\n\t\t\t\t\t\t\t<div class=\"elementor-widget-wrap\">\n\t\t\t\t\t\t<div class=\"elementor-element elementor-element-91a8bcc elementor-invisible elementor-widget elementor-widget-image\" data-id=\"91a8bcc\" data-element_type=\"widget\" data-settings=\"{&quot;_animation&quot;:&quot;fadeInLeft&quot;}\" data-widget_type=\"image.default\">\n\t\t\t\t<div class=\"elementor-widget-container\">\n\t\t\t\t\t\t\t\t<div class=\"elementor-image\">\n\t\t\t\t\t\t\t\t\t\t\t\t<img width=\"1920\" height=\"469\" src=\"https:\/\/evaluarteth.com\/wp-content\/uploads\/2024\/08\/SERVICIOS-PERSONAS-1.png\" class=\"attachment-2048x2048 size-2048x2048\" alt=\"\" loading=\"lazy\" srcset=\"https:\/\/evaluarteth.com\/wp-content\/uploads\/2024\/08\/SERVICIOS-PERSONAS-1.png 1920w, https:\/\/evaluarteth.com\/wp-content\/uploads\/2024\/08\/SERVICIOS-PERSONAS-1-300x73.png 300w, https:\/\/evaluarteth.com\/wp-content\/uploads\/2024\/08\/SERVICIOS-PERSONAS-1-1024x250.png 1024w, https:\/\/evaluarteth.com\/wp-content\/uploads\/2024\/08\/SERVICIOS-PERSONAS-1-768x188.png 768w, https:\/\/evaluarteth.com\/wp-content\/uploads\/2024\/08\/SERVICIOS-PERSONAS-1-1536x375.png 1536w\" sizes=\"(max-width: 1920px) 100vw, 1920px\" \/>\t\t\t\t\t\t\t\t\t\t\t\t\t\t<\/div>\n\t\t\t\t\t\t<\/div>\n\t\t\t\t<\/div>\n\t\t\t\t\t\t<\/div>\n\t\t\t\t\t<\/div>\n\t\t<\/div>\n\t\t\t\t\t\t\t\t<\/div>\n\t\t\t\t\t<\/div>\n\t\t<\/section>\n\t\t\t\t<section class=\"elementor-section elementor-top-section elementor-element elementor-element-fc7c125 elementor-section-boxed elementor-section-height-default elementor-section-height-default\" data-id=\"fc7c125\" data-element_type=\"section\">\n\t\t\t\t\t\t<div class=\"elementor-container elementor-column-gap-default\">\n\t\t\t\t\t\t\t<div class=\"elementor-row\">\n\t\t\t\t\t<div class=\"elementor-column elementor-col-100 elementor-top-column elementor-element elementor-element-04d68e6\" data-id=\"04d68e6\" data-element_type=\"column\">\n\t\t\t<div class=\"elementor-column-wrap elementor-element-populated\">\n\t\t\t\t\t\t\t<div class=\"elementor-widget-wrap\">\n\t\t\t\t\t\t<div class=\"elementor-element elementor-element-97861fe elementor-widget elementor-widget-spacer\" data-id=\"97861fe\" data-element_type=\"widget\" data-widget_type=\"spacer.default\">\n\t\t\t\t<div class=\"elementor-widget-container\">\n\t\t\t\t\t<div class=\"elementor-spacer\">\n\t\t\t<div class=\"elementor-spacer-inner\"><\/div>\n\t\t<\/div>\n\t\t\t\t<\/div>\n\t\t\t\t<\/div>\n\t\t\t\t\t\t<\/div>\n\t\t\t\t\t<\/div>\n\t\t<\/div>\n\t\t\t\t\t\t\t\t<\/div>\n\t\t\t\t\t<\/div>\n\t\t<\/section>\n\t\t\t\t<section class=\"elementor-section elementor-top-section elementor-element elementor-element-7e8f282 elementor-section-boxed elementor-section-height-default elementor-section-height-default\" data-id=\"7e8f282\" data-element_type=\"section\">\n\t\t\t\t\t\t<div class=\"elementor-container elementor-column-gap-default\">\n\t\t\t\t\t\t\t<div class=\"elementor-row\">\n\t\t\t\t\t<div class=\"elementor-column elementor-col-33 elementor-top-column elementor-element elementor-element-3c346e4\" data-id=\"3c346e4\" data-element_type=\"column\">\n\t\t\t<div class=\"elementor-column-wrap elementor-element-populated\">\n\t\t\t\t\t\t\t<div class=\"elementor-widget-wrap\">\n\t\t\t\t\t\t<div class=\"elementor-element elementor-element-40d7b9c elementor-invisible elementor-widget elementor-widget-heading\" data-id=\"40d7b9c\" data-element_type=\"widget\" data-settings=\"{&quot;_animation&quot;:&quot;slideInDown&quot;}\" data-widget_type=\"heading.default\">\n\t\t\t\t<div class=\"elementor-widget-container\">\n\t\t\t<h5 class=\"elementor-heading-title elementor-size-default\">ASESOR\u00cdA EN B\u00daSQUEDA DE EMPLEO<\/h5>\t\t<\/div>\n\t\t\t\t<\/div>\n\t\t\t\t<div class=\"elementor-element elementor-element-2563473 elementor-invisible elementor-widget elementor-widget-image\" data-id=\"2563473\" data-element_type=\"widget\" data-settings=\"{&quot;_animation&quot;:&quot;fadeInLeft&quot;}\" data-widget_type=\"image.default\">\n\t\t\t\t<div class=\"elementor-widget-container\">\n\t\t\t\t\t\t\t\t<div class=\"elementor-image\">\n\t\t\t\t\t\t\t\t\t\t\t\t<img width=\"457\" height=\"275\" src=\"https:\/\/evaluarteth.com\/wp-content\/uploads\/2021\/01\/Imagen3.png\" class=\"attachment-large size-large\" alt=\"\" loading=\"lazy\" srcset=\"https:\/\/evaluarteth.com\/wp-content\/uploads\/2021\/01\/Imagen3.png 457w, https:\/\/evaluarteth.com\/wp-content\/uploads\/2021\/01\/Imagen3-300x181.png 300w\" sizes=\"(max-width: 457px) 100vw, 457px\" \/>\t\t\t\t\t\t\t\t\t\t\t\t\t\t<\/div>\n\t\t\t\t\t\t<\/div>\n\t\t\t\t<\/div>\n\t\t\t\t<div class=\"elementor-element elementor-element-fb5a3d3 elementor-invisible elementor-widget elementor-widget-image\" data-id=\"fb5a3d3\" data-element_type=\"widget\" data-settings=\"{&quot;_animation&quot;:&quot;fadeInUp&quot;}\" data-widget_type=\"image.default\">\n\t\t\t\t<div class=\"elementor-widget-container\">\n\t\t\t\t\t\t\t\t<div class=\"elementor-image\">\n\t\t\t\t\t\t\t\t\t\t\t\t<img width=\"1024\" height=\"683\" src=\"https:\/\/evaluarteth.com\/wp-content\/uploads\/2024\/08\/Mesa-de-trabajo-17@2x-1024x683.png\" class=\"attachment-large size-large\" alt=\"\" loading=\"lazy\" srcset=\"https:\/\/evaluarteth.com\/wp-content\/uploads\/2024\/08\/Mesa-de-trabajo-17@2x-1024x683.png 1024w, https:\/\/evaluarteth.com\/wp-content\/uploads\/2024\/08\/Mesa-de-trabajo-17@2x-300x200.png 300w, https:\/\/evaluarteth.com\/wp-content\/uploads\/2024\/08\/Mesa-de-trabajo-17@2x-768x512.png 768w, https:\/\/evaluarteth.com\/wp-content\/uploads\/2024\/08\/Mesa-de-trabajo-17@2x-1536x1024.png 1536w, https:\/\/evaluarteth.com\/wp-content\/uploads\/2024\/08\/Mesa-de-trabajo-17@2x.png 2019w\" sizes=\"(max-width: 1024px) 100vw, 1024px\" \/>\t\t\t\t\t\t\t\t\t\t\t\t\t\t<\/div>\n\t\t\t\t\t\t<\/div>\n\t\t\t\t<\/div>\n\t\t\t\t\t\t<\/div>\n\t\t\t\t\t<\/div>\n\t\t<\/div>\n\t\t\t\t<div class=\"elementor-column elementor-col-66 elementor-top-column elementor-element elementor-element-c8daaf1\" data-id=\"c8daaf1\" data-element_type=\"column\">\n\t\t\t<div class=\"elementor-column-wrap elementor-element-populated\">\n\t\t\t\t\t\t\t<div class=\"elementor-widget-wrap\">\n\t\t\t\t\t\t<div class=\"elementor-element elementor-element-2e48242 elementor-widget elementor-widget-text-editor\" data-id=\"2e48242\" data-element_type=\"widget\" data-widget_type=\"text-editor.default\">\n\t\t\t\t<div class=\"elementor-widget-container\">\n\t\t\t\t\t\t\t\t<div class=\"elementor-text-editor elementor-clearfix\">\n\t\t\t\t<h6><strong>Creaci\u00f3n de tu hoja de vida:<\/strong>\u00a0Te ayudar\u00e9 a estructurar tu CV de manera efectiva, destacando tus habilidades y experiencias m\u00e1s relevantes para el puesto al que aspiras.<\/h6><h6><strong style=\"font-size: 1rem;\">Preparaci\u00f3n para entrevistas:<\/strong><span style=\"font-size: 1rem;\"> Te dar\u00e9 consejos pr\u00e1cticos para enfrentar entrevistas laborales con \u00e9xito, desde c\u00f3mo investigar sobre la empresa hasta c\u00f3mo responder preguntas comunes.<\/span><\/h6><h6><strong>Definici\u00f3n de tu perfil profesional:<\/strong> Te ayudar\u00e9 a identificar tus fortalezas, intereses y objetivos profesionales para encontrar el trabajo ideal.<\/h6><h6><strong>B\u00fasqueda de empleo efectiva:<\/strong> Te guiar\u00e9 en el uso de plataformas de empleo, redes sociales profesionales y otras herramientas para encontrar oportunidades laborales.<\/h6><h6><strong>Desarrollo de tu marca personal:<\/strong> Te ayudar\u00e9 a construir una marca personal s\u00f3lida que te destaque en el mercado laboral.<\/h6>\t\t\t\t\t<\/div>\n\t\t\t\t\t\t<\/div>\n\t\t\t\t<\/div>\n\t\t\t\t\t\t<\/div>\n\t\t\t\t\t<\/div>\n\t\t<\/div>\n\t\t\t\t\t\t\t\t<\/div>\n\t\t\t\t\t<\/div>\n\t\t<\/section>\n\t\t\t\t<section class=\"elementor-section elementor-top-section elementor-element elementor-element-510f6f2 elementor-section-boxed elementor-section-height-default elementor-section-height-default\" data-id=\"510f6f2\" data-element_type=\"section\">\n\t\t\t\t\t\t<div class=\"elementor-container elementor-column-gap-default\">\n\t\t\t\t\t\t\t<div class=\"elementor-row\">\n\t\t\t\t\t<div class=\"elementor-column elementor-col-66 elementor-top-column elementor-element elementor-element-625796e\" data-id=\"625796e\" data-element_type=\"column\">\n\t\t\t<div class=\"elementor-column-wrap elementor-element-populated\">\n\t\t\t\t\t\t\t<div class=\"elementor-widget-wrap\">\n\t\t\t\t\t\t<div class=\"elementor-element elementor-element-98d5581 elementor-widget elementor-widget-text-editor\" data-id=\"98d5581\" data-element_type=\"widget\" data-widget_type=\"text-editor.default\">\n\t\t\t\t<div class=\"elementor-widget-container\">\n\t\t\t\t\t\t\t\t<div class=\"elementor-text-editor elementor-clearfix\">\n\t\t\t\t<p><b>La evaluaci\u00f3n de habilidades blandas y competencias<\/b>&nbsp;<\/p>\n<p>Se ha convertido en una pr\u00e1ctica cada vez m\u00e1s com\u00fan en las organizaciones. Estas habilidades, tambi\u00e9n conocidas como soft skills, son aquellas cualidades personales que complementan las habilidades t\u00e9cnicas y que son fundamentales para el \u00e9xito en el trabajo y las relaciones interpersonales.<\/p>\n<p><b>\u00bfPor qu\u00e9 evaluar las habilidades blandas?<\/b><\/p>\n<p><b><br>Identificar fortalezas y \u00e1reas de mejora:<\/b> Permite conocer los puntos fuertes de cada empleado y las \u00e1reas en las que necesita desarrollarse.<br>Tomar decisiones de selecci\u00f3n: Ayuda a seleccionar a los candidatos m\u00e1s adecuados para un puesto de trabajo.<\/p>\n<p><b>Dise\u00f1ar planes de desarrollo: <\/b>Permite crear planes de formaci\u00f3n personalizados para cada empleado.<\/p>\n<p><span style=\"font-size: 15px; letter-spacing: 0.1px; word-spacing: 0.1em;\"><b>Mejorar el desempe\u00f1o en un equipo:<\/b> Al conocer las habilidades de cada miembro, se pueden formar equipos m\u00e1s eficientes y equilibrados.<\/span><\/p>\n<p><b>Fomentar una cultura de aprendizaje:<\/b> La evaluaci\u00f3n de habilidades blandas promueve un ambiente de mejora continua.<\/p><p><br>Muchas gracias por contar con <b>EVALUARTE<\/b> como aliado estrat\u00e9gico para el crecimiento de la&nbsp;organizaci\u00f3n.<\/p>\t\t\t\t\t<\/div>\n\t\t\t\t\t\t<\/div>\n\t\t\t\t<\/div>\n\t\t\t\t\t\t<\/div>\n\t\t\t\t\t<\/div>\n\t\t<\/div>\n\t\t\t\t<div class=\"elementor-column elementor-col-33 elementor-top-column elementor-element elementor-element-4b44baf\" data-id=\"4b44baf\" data-element_type=\"column\">\n\t\t\t<div class=\"elementor-column-wrap elementor-element-populated\">\n\t\t\t\t\t\t\t<div class=\"elementor-widget-wrap\">\n\t\t\t\t\t\t<div class=\"elementor-element elementor-element-5b7475b elementor-invisible elementor-widget elementor-widget-heading\" data-id=\"5b7475b\" data-element_type=\"widget\" data-settings=\"{&quot;_animation&quot;:&quot;slideInDown&quot;}\" data-widget_type=\"heading.default\">\n\t\t\t\t<div class=\"elementor-widget-container\">\n\t\t\t<h4 class=\"elementor-heading-title elementor-size-default\">EVALUACI\u00d3N DE HABILIDADES BLANDAS (SOFT SKILLS) Y COMPETENCIAS LABORALES<\/h4>\t\t<\/div>\n\t\t\t\t<\/div>\n\t\t\t\t<div class=\"elementor-element elementor-element-fd7149b elementor-invisible elementor-widget elementor-widget-image\" data-id=\"fd7149b\" data-element_type=\"widget\" data-settings=\"{&quot;_animation&quot;:&quot;fadeInLeft&quot;}\" data-widget_type=\"image.default\">\n\t\t\t\t<div class=\"elementor-widget-container\">\n\t\t\t\t\t\t\t\t<div class=\"elementor-image\">\n\t\t\t\t\t\t\t\t\t\t\t\t<img width=\"457\" height=\"275\" src=\"https:\/\/evaluarteth.com\/wp-content\/uploads\/2021\/01\/Imagen3.png\" class=\"attachment-large size-large\" alt=\"\" loading=\"lazy\" srcset=\"https:\/\/evaluarteth.com\/wp-content\/uploads\/2021\/01\/Imagen3.png 457w, https:\/\/evaluarteth.com\/wp-content\/uploads\/2021\/01\/Imagen3-300x181.png 300w\" sizes=\"(max-width: 457px) 100vw, 457px\" \/>\t\t\t\t\t\t\t\t\t\t\t\t\t\t<\/div>\n\t\t\t\t\t\t<\/div>\n\t\t\t\t<\/div>\n\t\t\t\t<div class=\"elementor-element elementor-element-de8beef elementor-invisible elementor-widget elementor-widget-image\" data-id=\"de8beef\" data-element_type=\"widget\" data-settings=\"{&quot;_animation&quot;:&quot;fadeInUp&quot;}\" data-widget_type=\"image.default\">\n\t\t\t\t<div class=\"elementor-widget-container\">\n\t\t\t\t\t\t\t\t<div class=\"elementor-image\">\n\t\t\t\t\t\t\t\t\t\t\t\t<img width=\"1024\" height=\"630\" src=\"https:\/\/evaluarteth.com\/wp-content\/uploads\/2024\/08\/Mesa-de-trabajo-22@2x-1024x630.png\" class=\"attachment-large size-large\" alt=\"\" loading=\"lazy\" srcset=\"https:\/\/evaluarteth.com\/wp-content\/uploads\/2024\/08\/Mesa-de-trabajo-22@2x-1024x630.png 1024w, https:\/\/evaluarteth.com\/wp-content\/uploads\/2024\/08\/Mesa-de-trabajo-22@2x-300x184.png 300w, https:\/\/evaluarteth.com\/wp-content\/uploads\/2024\/08\/Mesa-de-trabajo-22@2x-768x472.png 768w, https:\/\/evaluarteth.com\/wp-content\/uploads\/2024\/08\/Mesa-de-trabajo-22@2x-1536x944.png 1536w, https:\/\/evaluarteth.com\/wp-content\/uploads\/2024\/08\/Mesa-de-trabajo-22@2x-2048x1259.png 2048w\" sizes=\"(max-width: 1024px) 100vw, 1024px\" \/>\t\t\t\t\t\t\t\t\t\t\t\t\t\t<\/div>\n\t\t\t\t\t\t<\/div>\n\t\t\t\t<\/div>\n\t\t\t\t\t\t<\/div>\n\t\t\t\t\t<\/div>\n\t\t<\/div>\n\t\t\t\t\t\t\t\t<\/div>\n\t\t\t\t\t<\/div>\n\t\t<\/section>\n\t\t\t\t\t\t<\/div>\n\t\t\t\t\t\t<\/div>\n\t\t\t\t\t<\/div>\n\t\t","protected":false},"excerpt":{"rendered":"<p>ASESOR\u00cdA EN B\u00daSQUEDA DE EMPLEO Creaci\u00f3n de tu hoja de vida:\u00a0Te ayudar\u00e9 a estructurar tu CV de manera efectiva, destacando tus habilidades y experiencias m\u00e1s relevantes para el puesto al que aspiras. Preparaci\u00f3n para entrevistas: Te dar\u00e9 consejos pr\u00e1cticos para enfrentar entrevistas laborales con \u00e9xito, desde c\u00f3mo investigar sobre la empresa hasta c\u00f3mo responder preguntas &hellip;<\/p>\n<p class=\"read-more\"> <a class=\"\" href=\"https:\/\/evaluarteth.com\/index.php\/candidatos\/\"> <span class=\"screen-reader-text\">Servicios Personas<\/span> Leer m\u00e1s &raquo;<\/a><\/p>\n","protected":false},"author":3,"featured_media":0,"parent":0,"menu_order":0,"comment_status":"closed","ping_status":"closed","template":"","meta":{"site-sidebar-layout":"no-sidebar","site-content-layout":"page-builder","ast-main-header-display":"","ast-hfb-above-header-display":"","ast-hfb-below-header-display":"","ast-hfb-mobile-header-display":"","site-post-title":"disabled","ast-breadcrumbs-content":"","ast-featured-img":"disabled","footer-sml-layout":"","theme-transparent-header-meta":"","adv-header-id-meta":"","stick-header-meta":"","header-above-stick-meta":"","header-main-stick-meta":"","header-below-stick-meta":""},"_links":{"self":[{"href":"https:\/\/evaluarteth.com\/index.php\/wp-json\/wp\/v2\/pages\/563"}],"collection":[{"href":"https:\/\/evaluarteth.com\/index.php\/wp-json\/wp\/v2\/pages"}],"about":[{"href":"https:\/\/evaluarteth.com\/index.php\/wp-json\/wp\/v2\/types\/page"}],"author":[{"embeddable":true,"href":"https:\/\/evaluarteth.com\/index.php\/wp-json\/wp\/v2\/users\/3"}],"replies":[{"embeddable":true,"href":"https:\/\/evaluarteth.com\/index.php\/wp-json\/wp\/v2\/comments?post=563"}],"version-history":[{"count":107,"href":"https:\/\/evaluarteth.com\/index.php\/wp-json\/wp\/v2\/pages\/563\/revisions"}],"predecessor-version":[{"id":1093,"href":"https:\/\/evaluarteth.com\/index.php\/wp-json\/wp\/v2\/pages\/563\/revisions\/1093"}],"wp:attachment":[{"href":"https:\/\/evaluarteth.com\/index.php\/wp-json\/wp\/v2\/media?parent=563"}],"curies":[{"name":"wp","href":"https:\/\/api.w.org\/{rel}","templated":true}]}}