{"id":561,"date":"2024-06-22T14:14:14","date_gmt":"2024-06-22T19:14:14","guid":{"rendered":"https:\/\/evaluarteth.com\/?page_id=561"},"modified":"2024-10-04T12:12:24","modified_gmt":"2024-10-04T17:12:24","slug":"procesos-ti","status":"publish","type":"page","link":"https:\/\/evaluarteth.com\/index.php\/procesos-ti\/","title":{"rendered":"Procesos TI"},"content":{"rendered":"\t\t<div data-elementor-type=\"wp-page\" data-elementor-id=\"561\" class=\"elementor elementor-561\" data-elementor-settings=\"[]\">\n\t\t\t\t\t\t<div class=\"elementor-inner\">\n\t\t\t\t\t\t\t<div class=\"elementor-section-wrap\">\n\t\t\t\t\t\t\t<section class=\"elementor-section elementor-top-section elementor-element elementor-element-d802c3d elementor-section-content-middle elementor-section-height-min-height elementor-section-boxed elementor-section-height-default elementor-section-items-middle\" data-id=\"d802c3d\" data-element_type=\"section\" data-settings=\"{&quot;background_background&quot;:&quot;classic&quot;}\">\n\t\t\t\t\t\t\t<div class=\"elementor-background-overlay\"><\/div>\n\t\t\t\t\t\t\t<div class=\"elementor-container elementor-column-gap-no\">\n\t\t\t\t\t\t\t<div class=\"elementor-row\">\n\t\t\t\t\t<div class=\"elementor-column elementor-col-100 elementor-top-column elementor-element elementor-element-78200a1\" data-id=\"78200a1\" data-element_type=\"column\">\n\t\t\t<div class=\"elementor-column-wrap elementor-element-populated\">\n\t\t\t\t\t\t\t<div class=\"elementor-widget-wrap\">\n\t\t\t\t\t\t<div class=\"elementor-element elementor-element-d82682f elementor-invisible elementor-widget elementor-widget-image\" data-id=\"d82682f\" data-element_type=\"widget\" data-settings=\"{&quot;_animation&quot;:&quot;fadeInLeft&quot;}\" data-widget_type=\"image.default\">\n\t\t\t\t<div class=\"elementor-widget-container\">\n\t\t\t\t\t\t\t\t<div class=\"elementor-image\">\n\t\t\t\t\t\t\t\t\t\t\t\t<img width=\"1024\" height=\"250\" src=\"https:\/\/evaluarteth.com\/wp-content\/uploads\/2024\/06\/PROCESOS-TI-TEXTO-1024x250.png\" class=\"attachment-large size-large\" alt=\"\" loading=\"lazy\" srcset=\"https:\/\/evaluarteth.com\/wp-content\/uploads\/2024\/06\/PROCESOS-TI-TEXTO-1024x250.png 1024w, https:\/\/evaluarteth.com\/wp-content\/uploads\/2024\/06\/PROCESOS-TI-TEXTO-300x73.png 300w, https:\/\/evaluarteth.com\/wp-content\/uploads\/2024\/06\/PROCESOS-TI-TEXTO-768x188.png 768w, https:\/\/evaluarteth.com\/wp-content\/uploads\/2024\/06\/PROCESOS-TI-TEXTO-1536x375.png 1536w, https:\/\/evaluarteth.com\/wp-content\/uploads\/2024\/06\/PROCESOS-TI-TEXTO.png 1920w\" sizes=\"(max-width: 1024px) 100vw, 1024px\" \/>\t\t\t\t\t\t\t\t\t\t\t\t\t\t<\/div>\n\t\t\t\t\t\t<\/div>\n\t\t\t\t<\/div>\n\t\t\t\t\t\t<\/div>\n\t\t\t\t\t<\/div>\n\t\t<\/div>\n\t\t\t\t\t\t\t\t<\/div>\n\t\t\t\t\t<\/div>\n\t\t<\/section>\n\t\t\t\t<section class=\"elementor-section elementor-top-section elementor-element elementor-element-ae1d1c6 elementor-section-boxed elementor-section-height-default elementor-section-height-default\" data-id=\"ae1d1c6\" data-element_type=\"section\">\n\t\t\t\t\t\t<div class=\"elementor-container elementor-column-gap-default\">\n\t\t\t\t\t\t\t<div class=\"elementor-row\">\n\t\t\t\t\t<div class=\"elementor-column elementor-col-100 elementor-top-column elementor-element elementor-element-6054961\" data-id=\"6054961\" data-element_type=\"column\">\n\t\t\t<div class=\"elementor-column-wrap elementor-element-populated\">\n\t\t\t\t\t\t\t<div class=\"elementor-widget-wrap\">\n\t\t\t\t\t\t<div class=\"elementor-element elementor-element-f6c361c elementor-widget elementor-widget-spacer\" data-id=\"f6c361c\" data-element_type=\"widget\" data-widget_type=\"spacer.default\">\n\t\t\t\t<div class=\"elementor-widget-container\">\n\t\t\t\t\t<div class=\"elementor-spacer\">\n\t\t\t<div class=\"elementor-spacer-inner\"><\/div>\n\t\t<\/div>\n\t\t\t\t<\/div>\n\t\t\t\t<\/div>\n\t\t\t\t\t\t<\/div>\n\t\t\t\t\t<\/div>\n\t\t<\/div>\n\t\t\t\t\t\t\t\t<\/div>\n\t\t\t\t\t<\/div>\n\t\t<\/section>\n\t\t\t\t<section class=\"elementor-section elementor-top-section elementor-element elementor-element-75e2b4d elementor-section-boxed elementor-section-height-default elementor-section-height-default\" data-id=\"75e2b4d\" data-element_type=\"section\">\n\t\t\t\t\t\t<div class=\"elementor-container elementor-column-gap-default\">\n\t\t\t\t\t\t\t<div class=\"elementor-row\">\n\t\t\t\t\t<div class=\"elementor-column elementor-col-50 elementor-top-column elementor-element elementor-element-89417e9\" data-id=\"89417e9\" data-element_type=\"column\">\n\t\t\t<div class=\"elementor-column-wrap elementor-element-populated\">\n\t\t\t\t\t\t\t<div class=\"elementor-widget-wrap\">\n\t\t\t\t\t\t<div class=\"elementor-element elementor-element-4d613a3 elementor-invisible elementor-widget elementor-widget-image\" data-id=\"4d613a3\" data-element_type=\"widget\" data-settings=\"{&quot;_animation&quot;:&quot;fadeInLeft&quot;}\" data-widget_type=\"image.default\">\n\t\t\t\t<div class=\"elementor-widget-container\">\n\t\t\t\t\t\t\t\t<div class=\"elementor-image\">\n\t\t\t\t\t\t\t\t\t\t\t\t<img width=\"457\" height=\"275\" src=\"https:\/\/evaluarteth.com\/wp-content\/uploads\/2021\/01\/Imagen3.png\" class=\"attachment-large size-large\" alt=\"\" loading=\"lazy\" srcset=\"https:\/\/evaluarteth.com\/wp-content\/uploads\/2021\/01\/Imagen3.png 457w, https:\/\/evaluarteth.com\/wp-content\/uploads\/2021\/01\/Imagen3-300x181.png 300w\" sizes=\"(max-width: 457px) 100vw, 457px\" \/>\t\t\t\t\t\t\t\t\t\t\t\t\t\t<\/div>\n\t\t\t\t\t\t<\/div>\n\t\t\t\t<\/div>\n\t\t\t\t<div class=\"elementor-element elementor-element-37bf208 elementor-invisible elementor-widget elementor-widget-image\" data-id=\"37bf208\" data-element_type=\"widget\" data-settings=\"{&quot;_animation&quot;:&quot;bounceIn&quot;}\" data-widget_type=\"image.default\">\n\t\t\t\t<div class=\"elementor-widget-container\">\n\t\t\t\t\t\t\t\t<div class=\"elementor-image\">\n\t\t\t\t\t\t\t\t\t\t\t\t<img width=\"788\" height=\"443\" src=\"https:\/\/evaluarteth.com\/wp-content\/uploads\/2024\/06\/automatizacion-TI-procesos.jpg\" class=\"attachment-2048x2048 size-2048x2048\" alt=\"\" loading=\"lazy\" srcset=\"https:\/\/evaluarteth.com\/wp-content\/uploads\/2024\/06\/automatizacion-TI-procesos.jpg 788w, https:\/\/evaluarteth.com\/wp-content\/uploads\/2024\/06\/automatizacion-TI-procesos-300x169.jpg 300w, https:\/\/evaluarteth.com\/wp-content\/uploads\/2024\/06\/automatizacion-TI-procesos-768x432.jpg 768w\" sizes=\"(max-width: 788px) 100vw, 788px\" \/>\t\t\t\t\t\t\t\t\t\t\t\t\t\t<\/div>\n\t\t\t\t\t\t<\/div>\n\t\t\t\t<\/div>\n\t\t\t\t\t\t<\/div>\n\t\t\t\t\t<\/div>\n\t\t<\/div>\n\t\t\t\t<div class=\"elementor-column elementor-col-50 elementor-top-column elementor-element elementor-element-3dadb18\" data-id=\"3dadb18\" data-element_type=\"column\">\n\t\t\t<div class=\"elementor-column-wrap elementor-element-populated\">\n\t\t\t\t\t\t\t<div class=\"elementor-widget-wrap\">\n\t\t\t\t\t\t<div class=\"elementor-element elementor-element-52650de elementor-invisible elementor-widget elementor-widget-heading\" data-id=\"52650de\" data-element_type=\"widget\" data-settings=\"{&quot;_animation&quot;:&quot;fadeInRight&quot;}\" data-widget_type=\"heading.default\">\n\t\t\t\t<div class=\"elementor-widget-container\">\n\t\t\t<h2 class=\"elementor-heading-title elementor-size-default\">PROCESOS DE SELECCI\u00d3N EN EL SECTOR TI<\/h2>\t\t<\/div>\n\t\t\t\t<\/div>\n\t\t\t\t<div class=\"elementor-element elementor-element-c0aa9e5 elementor-invisible elementor-widget elementor-widget-text-editor\" data-id=\"c0aa9e5\" data-element_type=\"widget\" data-settings=\"{&quot;_animation&quot;:&quot;fadeInUp&quot;}\" data-widget_type=\"text-editor.default\">\n\t\t\t\t<div class=\"elementor-widget-container\">\n\t\t\t\t\t\t\t\t<div class=\"elementor-text-editor elementor-clearfix\">\n\t\t\t\t<p>Para los procesos de selecci\u00f3n en el sector TI, tambi\u00e9n conocido como el Sector de Tecnolog\u00edas de la Informaci\u00f3n y la Comunicaci\u00f3n (TIC), engloba a todas las empresas e industrias que se dedican al desarrollo, producci\u00f3n, comercializaci\u00f3n y uso intensivo de las tecnolog\u00edas de la informaci\u00f3n y las comunicaciones. Contamos con la alianza de una organizaci\u00f3n especialista que se encarga de realizar las pruebas t\u00e9cnicas para evaluar el personal m\u00e1s id\u00f3neo para todos los cargos.<\/p>\t\t\t\t\t<\/div>\n\t\t\t\t\t\t<\/div>\n\t\t\t\t<\/div>\n\t\t\t\t\t\t<\/div>\n\t\t\t\t\t<\/div>\n\t\t<\/div>\n\t\t\t\t\t\t\t\t<\/div>\n\t\t\t\t\t<\/div>\n\t\t<\/section>\n\t\t\t\t<section class=\"elementor-section elementor-top-section elementor-element elementor-element-6317f9f elementor-section-boxed elementor-section-height-default elementor-section-height-default\" data-id=\"6317f9f\" data-element_type=\"section\">\n\t\t\t\t\t\t<div class=\"elementor-container elementor-column-gap-default\">\n\t\t\t\t\t\t\t<div class=\"elementor-row\">\n\t\t\t\t\t<div class=\"elementor-column elementor-col-66 elementor-top-column elementor-element elementor-element-a8521bf\" data-id=\"a8521bf\" data-element_type=\"column\">\n\t\t\t<div class=\"elementor-column-wrap elementor-element-populated\">\n\t\t\t\t\t\t\t<div class=\"elementor-widget-wrap\">\n\t\t\t\t\t\t<div class=\"elementor-element elementor-element-65e83d5 elementor-invisible elementor-widget elementor-widget-heading\" data-id=\"65e83d5\" data-element_type=\"widget\" data-settings=\"{&quot;_animation&quot;:&quot;fadeIn&quot;}\" data-widget_type=\"heading.default\">\n\t\t\t\t<div class=\"elementor-widget-container\">\n\t\t\t<h2 class=\"elementor-heading-title elementor-size-default\">ENCUENTRA TALENTOS DESTACADOS EN TI DE MANERA R\u00c1PIDA Y PRECISA<\/h2>\t\t<\/div>\n\t\t\t\t<\/div>\n\t\t\t\t<div class=\"elementor-element elementor-element-e6879c5 elementor-invisible elementor-widget elementor-widget-text-editor\" data-id=\"e6879c5\" data-element_type=\"widget\" data-settings=\"{&quot;_animation&quot;:&quot;fadeInRight&quot;}\" data-widget_type=\"text-editor.default\">\n\t\t\t\t<div class=\"elementor-widget-container\">\n\t\t\t\t\t\t\t\t<div class=\"elementor-text-editor elementor-clearfix\">\n\t\t\t\t<p><strong>En Evaluarte ayudamos a nuestros clientes a atraer el mejor talento humano y a brindarles un acompa\u00f1amiento\u00a0 para la creaci\u00f3n y dise\u00f1o de las vacantes para que se ajusten a sus necesidades para el sector TI:<\/strong><\/p>\t\t\t\t\t<\/div>\n\t\t\t\t\t\t<\/div>\n\t\t\t\t<\/div>\n\t\t\t\t\t\t<\/div>\n\t\t\t\t\t<\/div>\n\t\t<\/div>\n\t\t\t\t<div class=\"elementor-column elementor-col-33 elementor-top-column elementor-element elementor-element-bc31fe2\" data-id=\"bc31fe2\" data-element_type=\"column\">\n\t\t\t<div class=\"elementor-column-wrap elementor-element-populated\">\n\t\t\t\t\t\t\t<div class=\"elementor-widget-wrap\">\n\t\t\t\t\t\t<div class=\"elementor-element elementor-element-b0b3958 elementor-invisible elementor-widget elementor-widget-image\" data-id=\"b0b3958\" data-element_type=\"widget\" data-settings=\"{&quot;_animation&quot;:&quot;fadeInRight&quot;}\" data-widget_type=\"image.default\">\n\t\t\t\t<div class=\"elementor-widget-container\">\n\t\t\t\t\t\t\t\t<div class=\"elementor-image\">\n\t\t\t\t\t\t\t\t\t\t\t\t<img width=\"457\" height=\"275\" src=\"https:\/\/evaluarteth.com\/wp-content\/uploads\/2021\/01\/Imagen3.png\" class=\"attachment-large size-large\" alt=\"\" loading=\"lazy\" srcset=\"https:\/\/evaluarteth.com\/wp-content\/uploads\/2021\/01\/Imagen3.png 457w, https:\/\/evaluarteth.com\/wp-content\/uploads\/2021\/01\/Imagen3-300x181.png 300w\" sizes=\"(max-width: 457px) 100vw, 457px\" \/>\t\t\t\t\t\t\t\t\t\t\t\t\t\t<\/div>\n\t\t\t\t\t\t<\/div>\n\t\t\t\t<\/div>\n\t\t\t\t<div class=\"elementor-element elementor-element-54956ab elementor-invisible elementor-widget elementor-widget-image\" data-id=\"54956ab\" data-element_type=\"widget\" data-settings=\"{&quot;_animation&quot;:&quot;fadeInUp&quot;}\" data-widget_type=\"image.default\">\n\t\t\t\t<div class=\"elementor-widget-container\">\n\t\t\t\t\t\t\t\t<div class=\"elementor-image\">\n\t\t\t\t\t\t\t\t\t\t\t\t<img width=\"1024\" height=\"683\" src=\"https:\/\/evaluarteth.com\/wp-content\/uploads\/2024\/10\/medium-shot-doctor-holding-paper-1024x683.jpg\" class=\"attachment-large size-large\" alt=\"\" loading=\"lazy\" srcset=\"https:\/\/evaluarteth.com\/wp-content\/uploads\/2024\/10\/medium-shot-doctor-holding-paper-1024x683.jpg 1024w, https:\/\/evaluarteth.com\/wp-content\/uploads\/2024\/10\/medium-shot-doctor-holding-paper-300x200.jpg 300w, https:\/\/evaluarteth.com\/wp-content\/uploads\/2024\/10\/medium-shot-doctor-holding-paper-768x512.jpg 768w, https:\/\/evaluarteth.com\/wp-content\/uploads\/2024\/10\/medium-shot-doctor-holding-paper-1536x1024.jpg 1536w, https:\/\/evaluarteth.com\/wp-content\/uploads\/2024\/10\/medium-shot-doctor-holding-paper-2048x1365.jpg 2048w\" sizes=\"(max-width: 1024px) 100vw, 1024px\" \/>\t\t\t\t\t\t\t\t\t\t\t\t\t\t<\/div>\n\t\t\t\t\t\t<\/div>\n\t\t\t\t<\/div>\n\t\t\t\t\t\t<\/div>\n\t\t\t\t\t<\/div>\n\t\t<\/div>\n\t\t\t\t\t\t\t\t<\/div>\n\t\t\t\t\t<\/div>\n\t\t<\/section>\n\t\t\t\t<section class=\"elementor-section elementor-top-section elementor-element elementor-element-497a015 elementor-section-boxed elementor-section-height-default elementor-section-height-default\" data-id=\"497a015\" data-element_type=\"section\">\n\t\t\t\t\t\t<div class=\"elementor-container elementor-column-gap-default\">\n\t\t\t\t\t\t\t<div class=\"elementor-row\">\n\t\t\t\t\t<div class=\"elementor-column elementor-col-50 elementor-top-column elementor-element elementor-element-ed80ede\" data-id=\"ed80ede\" data-element_type=\"column\">\n\t\t\t<div class=\"elementor-column-wrap elementor-element-populated\">\n\t\t\t\t\t\t\t<div class=\"elementor-widget-wrap\">\n\t\t\t\t\t\t<div class=\"elementor-element elementor-element-cc22780 elementor-invisible elementor-widget elementor-widget-text-editor\" data-id=\"cc22780\" data-element_type=\"widget\" data-settings=\"{&quot;_animation&quot;:&quot;fadeInRight&quot;}\" data-widget_type=\"text-editor.default\">\n\t\t\t\t<div class=\"elementor-widget-container\">\n\t\t\t\t\t\t\t\t<div class=\"elementor-text-editor elementor-clearfix\">\n\t\t\t\t<ul><li><span style=\"font-size: 15px; font-family: var( --e-global-typography-text-font-family ), Sans-serif;\">Technical Leaders <\/span><\/li><li><span style=\"font-size: 15px; font-family: var( --e-global-typography-text-font-family ), Sans-serif;\">\u00a0Developers<\/span><\/li><li><span style=\"font-size: 15px; font-family: var( --e-global-typography-text-font-family ), Sans-serif;\"> Ethical Hackers<\/span><\/li><li><span style=\"font-size: 15px; font-family: var( --e-global-typography-text-font-family ), Sans-serif;\"> SOC Analyst\u00a0<\/span><\/li><li><span style=\"font-size: 15px; font-family: var( --e-global-typography-text-font-family ), Sans-serif;\"> Cloud Engineer\u00a0<\/span><\/li><li><span style=\"font-size: 15px; font-family: var( --e-global-typography-text-font-family ), Sans-serif;\"> Analistas TI<\/span><\/li><li><span style=\"font-size: 15px; font-family: var( --e-global-typography-text-font-family ), Sans-serif;\"> QA\/QE\u00a0<\/span><\/li><li><span style=\"font-size: 15px; font-family: var( --e-global-typography-text-font-family ), Sans-serif;\"> Scrum Master\u00a0<\/span><\/li><li><span style=\"font-size: 15px; font-family: var( --e-global-typography-text-font-family ), Sans-serif;\"> Data Analyst\u00a0<\/span><\/li><li><span style=\"font-size: 15px; font-family: var( --e-global-typography-text-font-family ), Sans-serif;\">DevOps<\/span><\/li><\/ul>\t\t\t\t\t<\/div>\n\t\t\t\t\t\t<\/div>\n\t\t\t\t<\/div>\n\t\t\t\t\t\t<\/div>\n\t\t\t\t\t<\/div>\n\t\t<\/div>\n\t\t\t\t<div class=\"elementor-column elementor-col-50 elementor-top-column elementor-element elementor-element-cefa18d\" data-id=\"cefa18d\" data-element_type=\"column\">\n\t\t\t<div class=\"elementor-column-wrap elementor-element-populated\">\n\t\t\t\t\t\t\t<div class=\"elementor-widget-wrap\">\n\t\t\t\t\t\t<div class=\"elementor-element elementor-element-b169655 elementor-invisible elementor-widget elementor-widget-text-editor\" data-id=\"b169655\" data-element_type=\"widget\" data-settings=\"{&quot;_animation&quot;:&quot;fadeInRight&quot;}\" data-widget_type=\"text-editor.default\">\n\t\t\t\t<div class=\"elementor-widget-container\">\n\t\t\t\t\t\t\t\t<div class=\"elementor-text-editor elementor-clearfix\">\n\t\t\t\t<ul><li><span style=\"font-size: 15px; font-family: var( --e-global-typography-text-font-family ), Sans-serif;\">Desarrollador de Software<\/span><\/li><li><span style=\"font-size: 15px; font-family: var( --e-global-typography-text-font-family ), Sans-serif;\">\u00a0Analista de Sistemas<\/span><\/li><li><span style=\"font-size: 15px; font-family: var( --e-global-typography-text-font-family ), Sans-serif;\">Ingeniero de Redes\u00a0<\/span><\/li><li><span style=\"font-size: 15px; font-family: var( --e-global-typography-text-font-family ), Sans-serif;\">Administrador de Bases de Datos\u00a0<\/span><\/li><li><span style=\"font-size: 15px; font-family: var( --e-global-typography-text-font-family ), Sans-serif;\">\u00a0Especialista en Ciberseguridad\u00a0<\/span><\/li><li><span style=\"font-size: 15px; font-family: var( --e-global-typography-text-font-family ), Sans-serif;\">Cient\u00edfico de Datos<\/span><\/li><li><span style=\"font-size: 15px; font-family: var( --e-global-typography-text-font-family ), Sans-serif;\"> Especialista en Cloud Computing<\/span><\/li><li><span style=\"font-size: 15px; font-family: var( --e-global-typography-text-font-family ), Sans-serif;\">\u00a0Arquitecto de Software<\/span><\/li><li><span style=\"font-size: 15px; font-family: var( --e-global-typography-text-font-family ), Sans-serif;\">\u00a0Tester de Software<\/span><\/li><li><span style=\"font-size: 15px; font-family: var( --e-global-typography-text-font-family ), Sans-serif;\">\u00a0Soporte T\u00e9cnico<\/span><\/li><\/ul>\t\t\t\t\t<\/div>\n\t\t\t\t\t\t<\/div>\n\t\t\t\t<\/div>\n\t\t\t\t\t\t<\/div>\n\t\t\t\t\t<\/div>\n\t\t<\/div>\n\t\t\t\t\t\t\t\t<\/div>\n\t\t\t\t\t<\/div>\n\t\t<\/section>\n\t\t\t\t<section class=\"elementor-section elementor-top-section elementor-element elementor-element-d80e320 elementor-section-boxed elementor-section-height-default elementor-section-height-default\" data-id=\"d80e320\" data-element_type=\"section\">\n\t\t\t\t\t\t<div class=\"elementor-container elementor-column-gap-default\">\n\t\t\t\t\t\t\t<div class=\"elementor-row\">\n\t\t\t\t\t<div class=\"elementor-column elementor-col-50 elementor-top-column elementor-element elementor-element-b14102b\" data-id=\"b14102b\" data-element_type=\"column\">\n\t\t\t<div class=\"elementor-column-wrap elementor-element-populated\">\n\t\t\t\t\t\t\t<div class=\"elementor-widget-wrap\">\n\t\t\t\t\t\t<div class=\"elementor-element elementor-element-a68b559 elementor-invisible elementor-widget elementor-widget-image\" data-id=\"a68b559\" data-element_type=\"widget\" data-settings=\"{&quot;_animation&quot;:&quot;fadeInLeft&quot;}\" data-widget_type=\"image.default\">\n\t\t\t\t<div class=\"elementor-widget-container\">\n\t\t\t\t\t\t\t\t<div class=\"elementor-image\">\n\t\t\t\t\t\t\t\t\t\t\t\t<img width=\"457\" height=\"275\" src=\"https:\/\/evaluarteth.com\/wp-content\/uploads\/2021\/01\/Imagen3.png\" class=\"attachment-large size-large\" alt=\"\" loading=\"lazy\" srcset=\"https:\/\/evaluarteth.com\/wp-content\/uploads\/2021\/01\/Imagen3.png 457w, https:\/\/evaluarteth.com\/wp-content\/uploads\/2021\/01\/Imagen3-300x181.png 300w\" sizes=\"(max-width: 457px) 100vw, 457px\" \/>\t\t\t\t\t\t\t\t\t\t\t\t\t\t<\/div>\n\t\t\t\t\t\t<\/div>\n\t\t\t\t<\/div>\n\t\t\t\t<div class=\"elementor-element elementor-element-4fcc68b elementor-invisible elementor-widget elementor-widget-image\" data-id=\"4fcc68b\" data-element_type=\"widget\" data-settings=\"{&quot;_animation&quot;:&quot;bounceIn&quot;}\" data-widget_type=\"image.default\">\n\t\t\t\t<div class=\"elementor-widget-container\">\n\t\t\t\t\t\t\t\t<div class=\"elementor-image\">\n\t\t\t\t\t\t\t\t\t\t\t\t<img width=\"2048\" height=\"1363\" src=\"https:\/\/evaluarteth.com\/wp-content\/uploads\/2024\/10\/standard-quality-control-collage-concept-2048x1363.jpg\" class=\"attachment-2048x2048 size-2048x2048\" alt=\"\" loading=\"lazy\" srcset=\"https:\/\/evaluarteth.com\/wp-content\/uploads\/2024\/10\/standard-quality-control-collage-concept-2048x1363.jpg 2048w, https:\/\/evaluarteth.com\/wp-content\/uploads\/2024\/10\/standard-quality-control-collage-concept-300x200.jpg 300w, https:\/\/evaluarteth.com\/wp-content\/uploads\/2024\/10\/standard-quality-control-collage-concept-1024x681.jpg 1024w, https:\/\/evaluarteth.com\/wp-content\/uploads\/2024\/10\/standard-quality-control-collage-concept-768x511.jpg 768w, https:\/\/evaluarteth.com\/wp-content\/uploads\/2024\/10\/standard-quality-control-collage-concept-1536x1022.jpg 1536w\" sizes=\"(max-width: 2048px) 100vw, 2048px\" \/>\t\t\t\t\t\t\t\t\t\t\t\t\t\t<\/div>\n\t\t\t\t\t\t<\/div>\n\t\t\t\t<\/div>\n\t\t\t\t\t\t<\/div>\n\t\t\t\t\t<\/div>\n\t\t<\/div>\n\t\t\t\t<div class=\"elementor-column elementor-col-50 elementor-top-column elementor-element elementor-element-aade868\" data-id=\"aade868\" data-element_type=\"column\">\n\t\t\t<div class=\"elementor-column-wrap elementor-element-populated\">\n\t\t\t\t\t\t\t<div class=\"elementor-widget-wrap\">\n\t\t\t\t\t\t<div class=\"elementor-element elementor-element-05a9c0a elementor-invisible elementor-widget elementor-widget-text-editor\" data-id=\"05a9c0a\" data-element_type=\"widget\" data-settings=\"{&quot;_animation&quot;:&quot;fadeInUp&quot;}\" data-widget_type=\"text-editor.default\">\n\t\t\t\t<div class=\"elementor-widget-container\">\n\t\t\t\t\t\t\t\t<div class=\"elementor-text-editor elementor-clearfix\">\n\t\t\t\t<ul><li class=\"gmail_default\">Validaci\u00f3n t\u00e9cnica mediante de pruebas de conocimientos<\/li><li class=\"gmail_default\">Estudio\u00a0t\u00e9cnico de seguridad<\/li><li class=\"gmail_default\">Evaluaciones t\u00e9cnicas\u00a0<\/li><li class=\"gmail_default\">Entrevistas y aplicaci\u00f3n de pruebas psicot\u00e9cnicas\u00a0<\/li><li class=\"gmail_default\">Tiempo de entrega: Aprox 15 d\u00edas<\/li><li class=\"gmail_default\">Entrega de terna por cargo solicitado<\/li><li class=\"gmail_default\">Entrega de informe final de selecci\u00f3n y retroalimentaci\u00f3n<\/li><li class=\"gmail_default\">Seguimiento por 4 meses del\u00a0candidato seleccionado<\/li><li class=\"gmail_default\">Garant\u00eda del servicio: Incumplimiento de requisitos t\u00e9cnicos<\/li><\/ul>\t\t\t\t\t<\/div>\n\t\t\t\t\t\t<\/div>\n\t\t\t\t<\/div>\n\t\t\t\t\t\t<\/div>\n\t\t\t\t\t<\/div>\n\t\t<\/div>\n\t\t\t\t\t\t\t\t<\/div>\n\t\t\t\t\t<\/div>\n\t\t<\/section>\n\t\t\t\t\t\t<\/div>\n\t\t\t\t\t\t<\/div>\n\t\t\t\t\t<\/div>\n\t\t","protected":false},"excerpt":{"rendered":"<p>PROCESOS DE SELECCI\u00d3N EN EL SECTOR TI Para los procesos de selecci\u00f3n en el sector TI, tambi\u00e9n conocido como el Sector de Tecnolog\u00edas de la Informaci\u00f3n y la Comunicaci\u00f3n (TIC), engloba a todas las empresas e industrias que se dedican al desarrollo, producci\u00f3n, comercializaci\u00f3n y uso intensivo de las tecnolog\u00edas de la informaci\u00f3n y las &hellip;<\/p>\n<p class=\"read-more\"> <a class=\"\" href=\"https:\/\/evaluarteth.com\/index.php\/procesos-ti\/\"> <span class=\"screen-reader-text\">Procesos TI<\/span> Leer m\u00e1s &raquo;<\/a><\/p>\n","protected":false},"author":3,"featured_media":0,"parent":0,"menu_order":0,"comment_status":"closed","ping_status":"closed","template":"","meta":{"site-sidebar-layout":"no-sidebar","site-content-layout":"page-builder","ast-main-header-display":"","ast-hfb-above-header-display":"","ast-hfb-below-header-display":"","ast-hfb-mobile-header-display":"","site-post-title":"disabled","ast-breadcrumbs-content":"","ast-featured-img":"disabled","footer-sml-layout":"","theme-transparent-header-meta":"","adv-header-id-meta":"","stick-header-meta":"","header-above-stick-meta":"","header-main-stick-meta":"","header-below-stick-meta":""},"_links":{"self":[{"href":"https:\/\/evaluarteth.com\/index.php\/wp-json\/wp\/v2\/pages\/561"}],"collection":[{"href":"https:\/\/evaluarteth.com\/index.php\/wp-json\/wp\/v2\/pages"}],"about":[{"href":"https:\/\/evaluarteth.com\/index.php\/wp-json\/wp\/v2\/types\/page"}],"author":[{"embeddable":true,"href":"https:\/\/evaluarteth.com\/index.php\/wp-json\/wp\/v2\/users\/3"}],"replies":[{"embeddable":true,"href":"https:\/\/evaluarteth.com\/index.php\/wp-json\/wp\/v2\/comments?post=561"}],"version-history":[{"count":37,"href":"https:\/\/evaluarteth.com\/index.php\/wp-json\/wp\/v2\/pages\/561\/revisions"}],"predecessor-version":[{"id":1112,"href":"https:\/\/evaluarteth.com\/index.php\/wp-json\/wp\/v2\/pages\/561\/revisions\/1112"}],"wp:attachment":[{"href":"https:\/\/evaluarteth.com\/index.php\/wp-json\/wp\/v2\/media?parent=561"}],"curies":[{"name":"wp","href":"https:\/\/api.w.org\/{rel}","templated":true}]}}