{"id":557,"date":"2024-06-22T14:10:07","date_gmt":"2024-06-22T19:10:07","guid":{"rendered":"https:\/\/evaluarteth.com\/?page_id=557"},"modified":"2024-06-26T09:33:53","modified_gmt":"2024-06-26T14:33:53","slug":"presentacion","status":"publish","type":"page","link":"https:\/\/evaluarteth.com\/index.php\/presentacion\/","title":{"rendered":"Presentaci\u00f3n"},"content":{"rendered":"\t\t<div data-elementor-type=\"wp-page\" data-elementor-id=\"557\" class=\"elementor elementor-557\" data-elementor-settings=\"[]\">\n\t\t\t\t\t\t<div class=\"elementor-inner\">\n\t\t\t\t\t\t\t<div class=\"elementor-section-wrap\">\n\t\t\t\t\t\t\t<section class=\"elementor-section elementor-top-section elementor-element elementor-element-686b138a elementor-section-boxed elementor-section-height-default elementor-section-height-default\" data-id=\"686b138a\" data-element_type=\"section\">\n\t\t\t\t\t\t<div class=\"elementor-container elementor-column-gap-default\">\n\t\t\t\t\t\t\t<div class=\"elementor-row\">\n\t\t\t\t\t<div class=\"elementor-column elementor-col-100 elementor-top-column elementor-element elementor-element-6a4be576\" data-id=\"6a4be576\" data-element_type=\"column\">\n\t\t\t<div class=\"elementor-column-wrap elementor-element-populated\">\n\t\t\t\t\t\t\t<div class=\"elementor-widget-wrap\">\n\t\t\t\t\t\t<section class=\"elementor-section elementor-inner-section elementor-element elementor-element-b965ca elementor-section-boxed elementor-section-height-default elementor-section-height-default\" data-id=\"b965ca\" data-element_type=\"section\">\n\t\t\t\t\t\t<div class=\"elementor-container elementor-column-gap-default\">\n\t\t\t\t\t\t\t<div class=\"elementor-row\">\n\t\t\t\t\t<div class=\"elementor-column elementor-col-50 elementor-inner-column elementor-element elementor-element-5db19a74\" data-id=\"5db19a74\" data-element_type=\"column\">\n\t\t\t<div class=\"elementor-column-wrap elementor-element-populated\">\n\t\t\t\t\t\t\t<div class=\"elementor-widget-wrap\">\n\t\t\t\t\t\t<div class=\"elementor-element elementor-element-3ac8d88c elementor-invisible elementor-widget elementor-widget-heading\" data-id=\"3ac8d88c\" data-element_type=\"widget\" data-settings=\"{&quot;_animation&quot;:&quot;slideInRight&quot;}\" data-widget_type=\"heading.default\">\n\t\t\t\t<div class=\"elementor-widget-container\">\n\t\t\t<h1 class=\"elementor-heading-title elementor-size-default\">Soy Elizabeth Chica Garc\u00eda: <\/h1>\t\t<\/div>\n\t\t\t\t<\/div>\n\t\t\t\t<div class=\"elementor-element elementor-element-7dc461d6 elementor-invisible elementor-widget elementor-widget-image\" data-id=\"7dc461d6\" data-element_type=\"widget\" data-settings=\"{&quot;_animation&quot;:&quot;fadeInLeft&quot;}\" data-widget_type=\"image.default\">\n\t\t\t\t<div class=\"elementor-widget-container\">\n\t\t\t\t\t\t\t\t<div class=\"elementor-image\">\n\t\t\t\t\t\t\t\t\t\t\t\t<img width=\"457\" height=\"275\" src=\"https:\/\/evaluarteth.com\/wp-content\/uploads\/2021\/01\/Imagen3.png\" class=\"attachment-large size-large\" alt=\"\" loading=\"lazy\" srcset=\"https:\/\/evaluarteth.com\/wp-content\/uploads\/2021\/01\/Imagen3.png 457w, https:\/\/evaluarteth.com\/wp-content\/uploads\/2021\/01\/Imagen3-300x181.png 300w\" sizes=\"(max-width: 457px) 100vw, 457px\" \/>\t\t\t\t\t\t\t\t\t\t\t\t\t\t<\/div>\n\t\t\t\t\t\t<\/div>\n\t\t\t\t<\/div>\n\t\t\t\t<div class=\"elementor-element elementor-element-29d97e40 elementor-invisible elementor-widget elementor-widget-image\" data-id=\"29d97e40\" data-element_type=\"widget\" data-settings=\"{&quot;_animation&quot;:&quot;slideInUp&quot;}\" data-widget_type=\"image.default\">\n\t\t\t\t<div class=\"elementor-widget-container\">\n\t\t\t\t\t\t\t\t<div class=\"elementor-image\">\n\t\t\t\t\t\t\t\t\t\t\t\t<img width=\"457\" height=\"275\" src=\"https:\/\/evaluarteth.com\/wp-content\/uploads\/2021\/01\/Imagen3.png\" class=\"attachment-large size-large\" alt=\"\" loading=\"lazy\" srcset=\"https:\/\/evaluarteth.com\/wp-content\/uploads\/2021\/01\/Imagen3.png 457w, https:\/\/evaluarteth.com\/wp-content\/uploads\/2021\/01\/Imagen3-300x181.png 300w\" sizes=\"(max-width: 457px) 100vw, 457px\" \/>\t\t\t\t\t\t\t\t\t\t\t\t\t\t<\/div>\n\t\t\t\t\t\t<\/div>\n\t\t\t\t<\/div>\n\t\t\t\t<div class=\"elementor-element elementor-element-80d0bd8 elementor-invisible elementor-widget elementor-widget-heading\" data-id=\"80d0bd8\" data-element_type=\"widget\" data-settings=\"{&quot;_animation&quot;:&quot;zoomIn&quot;}\" data-widget_type=\"heading.default\">\n\t\t\t\t<div class=\"elementor-widget-container\">\n\t\t\t<h2 class=\"elementor-heading-title elementor-size-default\">Psic\u00f3loga - Head Hunter, propietaria de EVALUARTE,  experta en  servicios de atracci\u00f3n de talento humano<\/h2>\t\t<\/div>\n\t\t\t\t<\/div>\n\t\t\t\t<div class=\"elementor-element elementor-element-4053688f elementor-invisible elementor-widget elementor-widget-heading\" data-id=\"4053688f\" data-element_type=\"widget\" data-settings=\"{&quot;_animation&quot;:&quot;zoomInDown&quot;}\" data-widget_type=\"heading.default\">\n\t\t\t\t<div class=\"elementor-widget-container\">\n\t\t\t<h6 class=\"elementor-heading-title elementor-size-default\">Dise\u00f1ados para satisfacer las necesidades espec\u00edficas de su empresa en materia de capital humano. Somos una empresa especializada en la b\u00fasqueda, evaluaci\u00f3n y selecci\u00f3n del talento humano ideal para impulsar el crecimiento y \u00e9xito de su organizaci\u00f3n.\n\nSomos un equipo de profesionales altamente calificados y con amplia experiencia en atracci\u00f3n y evaluaci\u00f3n de talento humano. Nos caracterizamos por nuestra metodolog\u00eda rigurosa y personalizada, basada en las mejores pr\u00e1cticas internacionales y adaptada a las caracter\u00edsticas \u00fanicas de cada cliente.\n\nA trav\u00e9s de nuestro portafolio de servicios, ofrecemos soluciones integrales para la gesti\u00f3n del talento humano, incluyendo:\n\nB\u00fasqueda y selecci\u00f3n de personal: Identificamos, evaluamos y seleccionamos a los candidatos m\u00e1s id\u00f3neos para ocupar los diferentes puestos vacantes en su organizaci\u00f3n, de acuerdo a sus necesidades espec\u00edficas y perfiles requeridos.\n<\/h6>\t\t<\/div>\n\t\t\t\t<\/div>\n\t\t\t\t<div class=\"elementor-element elementor-element-2db85d5 elementor-widget elementor-widget-image\" data-id=\"2db85d5\" data-element_type=\"widget\" data-widget_type=\"image.default\">\n\t\t\t\t<div class=\"elementor-widget-container\">\n\t\t\t\t\t\t\t\t<div class=\"elementor-image\">\n\t\t\t\t\t\t\t\t\t\t\t\t<img width=\"800\" height=\"400\" src=\"https:\/\/evaluarteth.com\/wp-content\/uploads\/2024\/06\/img1.jpg\" class=\"attachment-large size-large\" alt=\"\" loading=\"lazy\" srcset=\"https:\/\/evaluarteth.com\/wp-content\/uploads\/2024\/06\/img1.jpg 800w, https:\/\/evaluarteth.com\/wp-content\/uploads\/2024\/06\/img1-300x150.jpg 300w, https:\/\/evaluarteth.com\/wp-content\/uploads\/2024\/06\/img1-768x384.jpg 768w\" sizes=\"(max-width: 800px) 100vw, 800px\" \/>\t\t\t\t\t\t\t\t\t\t\t\t\t\t<\/div>\n\t\t\t\t\t\t<\/div>\n\t\t\t\t<\/div>\n\t\t\t\t\t\t<\/div>\n\t\t\t\t\t<\/div>\n\t\t<\/div>\n\t\t\t\t<div class=\"elementor-column elementor-col-50 elementor-inner-column elementor-element elementor-element-60c31af3\" data-id=\"60c31af3\" data-element_type=\"column\">\n\t\t\t<div class=\"elementor-column-wrap elementor-element-populated\">\n\t\t\t\t\t\t\t<div class=\"elementor-widget-wrap\">\n\t\t\t\t\t\t<div class=\"elementor-element elementor-element-19bce4f elementor-invisible elementor-widget elementor-widget-image\" data-id=\"19bce4f\" data-element_type=\"widget\" data-settings=\"{&quot;_animation&quot;:&quot;fadeIn&quot;}\" data-widget_type=\"image.default\">\n\t\t\t\t<div class=\"elementor-widget-container\">\n\t\t\t\t\t\t\t\t<div class=\"elementor-image\">\n\t\t\t\t\t\t\t\t\t\t\t\t<img width=\"1106\" height=\"1347\" src=\"https:\/\/evaluarteth.com\/wp-content\/uploads\/2024\/06\/foto-eli.jpg\" class=\"attachment-full size-full\" alt=\"\" loading=\"lazy\" srcset=\"https:\/\/evaluarteth.com\/wp-content\/uploads\/2024\/06\/foto-eli.jpg 1106w, https:\/\/evaluarteth.com\/wp-content\/uploads\/2024\/06\/foto-eli-246x300.jpg 246w, https:\/\/evaluarteth.com\/wp-content\/uploads\/2024\/06\/foto-eli-841x1024.jpg 841w, https:\/\/evaluarteth.com\/wp-content\/uploads\/2024\/06\/foto-eli-768x935.jpg 768w\" sizes=\"(max-width: 1106px) 100vw, 1106px\" \/>\t\t\t\t\t\t\t\t\t\t\t\t\t\t<\/div>\n\t\t\t\t\t\t<\/div>\n\t\t\t\t<\/div>\n\t\t\t\t<div class=\"elementor-element elementor-element-cee2d76 elementor-invisible elementor-widget elementor-widget-heading\" data-id=\"cee2d76\" data-element_type=\"widget\" data-settings=\"{&quot;_animation&quot;:&quot;zoomIn&quot;}\" data-widget_type=\"heading.default\">\n\t\t\t\t<div class=\"elementor-widget-container\">\n\t\t\t<h6 class=\"elementor-heading-title elementor-size-default\">Evaluaci\u00f3n psicom\u00e9trica: Aplicamos pruebas psicom\u00e9tricas y t\u00e9cnicas para evaluar las habilidades, aptitudes, conocimientos y competencias de los candidatos, proporcionando informaci\u00f3n valiosa para la toma de decisiones acertadas en materia de selecci\u00f3n de personal.\nHeadhunting: Realizamos b\u00fasquedas especializadas de talento humano de alto nivel para posiciones cr\u00edticas o dif\u00edciles de cubrir, garantizando la identificaci\u00f3n de los mejores candidatos en el mercado.\nAssessment centers: Dise\u00f1amos e implementamos centros de evaluaci\u00f3n para evaluar las competencias y el potencial de los candidatos en situaciones reales de trabajo, brindando informaci\u00f3n detallada sobre su desempe\u00f1o y habilidades.\nOutsourcing de Recursos Humanos: Asumimos la gesti\u00f3n de procesos espec\u00edficos de Recursos Humanos, como la selecci\u00f3n de personal, la evaluaci\u00f3n de desempe\u00f1o, la capacitaci\u00f3n y el desarrollo de talento humano, permitiendo que su equipo se concentre en sus actividades estrat\u00e9gicas.\nEn EVALUARTE, estamos comprometidos con brindar un servicio de excelencia a nuestros clientes, garantizando la satisfacci\u00f3n de sus necesidades y contribuyendo al \u00e9xito de su organizaci\u00f3n. Nos encantar\u00eda tener la oportunidad de conocer sus necesidades espec\u00edficas y discutir c\u00f3mo podemos ayudarle a alcanzar sus objetivos de negocio a trav\u00e9s de nuestros servicios de selecci\u00f3n de personal.\n\n\n<\/h6>\t\t<\/div>\n\t\t\t\t<\/div>\n\t\t\t\t\t\t<\/div>\n\t\t\t\t\t<\/div>\n\t\t<\/div>\n\t\t\t\t\t\t\t\t<\/div>\n\t\t\t\t\t<\/div>\n\t\t<\/section>\n\t\t\t\t\t\t<\/div>\n\t\t\t\t\t<\/div>\n\t\t<\/div>\n\t\t\t\t\t\t\t\t<\/div>\n\t\t\t\t\t<\/div>\n\t\t<\/section>\n\t\t\t\t\t\t<\/div>\n\t\t\t\t\t\t<\/div>\n\t\t\t\t\t<\/div>\n\t\t","protected":false},"excerpt":{"rendered":"<p>Soy Elizabeth Chica Garc\u00eda: Psic\u00f3loga &#8211; Head Hunter, propietaria de EVALUARTE, experta en servicios de atracci\u00f3n de talento humano Dise\u00f1ados para satisfacer las necesidades espec\u00edficas de su empresa en materia de capital humano. Somos una empresa especializada en la b\u00fasqueda, evaluaci\u00f3n y selecci\u00f3n del talento humano ideal para impulsar el crecimiento y \u00e9xito de su &hellip;<\/p>\n<p class=\"read-more\"> <a class=\"\" href=\"https:\/\/evaluarteth.com\/index.php\/presentacion\/\"> <span class=\"screen-reader-text\">Presentaci\u00f3n<\/span> Leer m\u00e1s &raquo;<\/a><\/p>\n","protected":false},"author":3,"featured_media":0,"parent":0,"menu_order":0,"comment_status":"closed","ping_status":"closed","template":"","meta":{"site-sidebar-layout":"no-sidebar","site-content-layout":"page-builder","ast-main-header-display":"","ast-hfb-above-header-display":"","ast-hfb-below-header-display":"","ast-hfb-mobile-header-display":"","site-post-title":"disabled","ast-breadcrumbs-content":"","ast-featured-img":"disabled","footer-sml-layout":"","theme-transparent-header-meta":"","adv-header-id-meta":"","stick-header-meta":"","header-above-stick-meta":"","header-main-stick-meta":"","header-below-stick-meta":""},"_links":{"self":[{"href":"https:\/\/evaluarteth.com\/index.php\/wp-json\/wp\/v2\/pages\/557"}],"collection":[{"href":"https:\/\/evaluarteth.com\/index.php\/wp-json\/wp\/v2\/pages"}],"about":[{"href":"https:\/\/evaluarteth.com\/index.php\/wp-json\/wp\/v2\/types\/page"}],"author":[{"embeddable":true,"href":"https:\/\/evaluarteth.com\/index.php\/wp-json\/wp\/v2\/users\/3"}],"replies":[{"embeddable":true,"href":"https:\/\/evaluarteth.com\/index.php\/wp-json\/wp\/v2\/comments?post=557"}],"version-history":[{"count":40,"href":"https:\/\/evaluarteth.com\/index.php\/wp-json\/wp\/v2\/pages\/557\/revisions"}],"predecessor-version":[{"id":762,"href":"https:\/\/evaluarteth.com\/index.php\/wp-json\/wp\/v2\/pages\/557\/revisions\/762"}],"wp:attachment":[{"href":"https:\/\/evaluarteth.com\/index.php\/wp-json\/wp\/v2\/media?parent=557"}],"curies":[{"name":"wp","href":"https:\/\/api.w.org\/{rel}","templated":true}]}}